{"id":195,"date":"2024-09-14T09:37:51","date_gmt":"2024-09-14T07:37:51","guid":{"rendered":"https:\/\/lavoiedefanny-sophrologie.fr\/?page_id=195"},"modified":"2024-09-23T21:13:21","modified_gmt":"2024-09-23T19:13:21","slug":"mentions-legales","status":"publish","type":"page","link":"https:\/\/lavoiedefanny-sophrologie.fr\/?page_id=195","title":{"rendered":"Mentions l\u00e9gales"},"content":{"rendered":"\t\t<div data-elementor-type=\"wp-page\" data-elementor-id=\"195\" class=\"elementor elementor-195\">\n\t\t\t\t<div class=\"elementor-element elementor-element-643b912 e-flex e-con-boxed e-con e-parent\" data-id=\"643b912\" data-element_type=\"container\" data-e-type=\"container\">\n\t\t\t\t\t<div class=\"e-con-inner\">\n\t\t\t\t<div class=\"elementor-element elementor-element-6ba6e7e elementor-widget elementor-widget-heading\" data-id=\"6ba6e7e\" data-element_type=\"widget\" data-e-type=\"widget\" data-widget_type=\"heading.default\">\n\t\t\t\t<div class=\"elementor-widget-container\">\n\t\t\t\t\t<h2 class=\"elementor-heading-title elementor-size-default\">Mentions l\u00e9gales de La Voie de Fanny - Sophrologie \u00e0 Aix-les-Bains<\/h2>\t\t\t\t<\/div>\n\t\t\t\t<\/div>\n\t\t\t\t<div class=\"elementor-element elementor-element-5c5b4e8 elementor-widget elementor-widget-text-editor\" data-id=\"5c5b4e8\" data-element_type=\"widget\" data-e-type=\"widget\" data-widget_type=\"text-editor.default\">\n\t\t\t\t<div class=\"elementor-widget-container\">\n\t\t\t\t\t\t\t\t\t<p data-sourcepos=\"7:1-7:19\"><strong>\u00c9diteur du site<\/strong><\/p><ul data-sourcepos=\"9:1-15:0\"><li data-sourcepos=\"9:1-9:23\"><strong>Nom :<\/strong> Fanny Nobis<\/li><li data-sourcepos=\"10:1-10:41\"><strong>Forme juridique :<\/strong> Auto-entrepreneur<\/li><li data-sourcepos=\"11:1-11:28\"><strong>SIRET :<\/strong> 93187561100010<\/li><li data-sourcepos=\"12:1-12:50\"><strong>Adresse :<\/strong> 10 rue Jacotot 73100 Aix les Bains<\/li><li data-sourcepos=\"13:1-13:32\"><strong>T\u00e9l\u00e9phone :<\/strong> 07 80 96 16 17<\/li><li data-sourcepos=\"14:1-15:0\"><strong>Email :<\/strong> lavoiedefanny.sophrologie@gmail.com<\/li><\/ul><p data-sourcepos=\"16:1-16:13\"><strong>H\u00e9bergeur<\/strong><\/p><ul data-sourcepos=\"18:1-20:0\"><li data-sourcepos=\"18:1-18:26\"><strong>Raison sociale :<\/strong> OVH<\/li><li data-sourcepos=\"19:1-20:0\"><strong>Adresse :<\/strong> 2 rue Kellermann 59 100 Roubaix France<\/li><\/ul><p data-sourcepos=\"21:1-21:28\"><strong>Propri\u00e9t\u00e9 intellectuelle<\/strong><\/p><p data-sourcepos=\"23:1-23:418\">Le pr\u00e9sent site et l&rsquo;ensemble de son contenu, notamment les textes, images, graphismes, logo, ic\u00f4nes et sons, sont la propri\u00e9t\u00e9 exclusive de Fanny Nobis. Toute repr\u00e9sentation totale ou partielle de ce site par quelque proc\u00e9d\u00e9 que ce soit, sans l&rsquo;autorisation expresse de Fanny Nobis est interdite et constituerait une contrefa\u00e7on sanctionn\u00e9e par les articles L.335-2 et suivants du Code de la Propri\u00e9t\u00e9 Intellectuelle.<\/p><p data-sourcepos=\"25:1-25:63\">La marque \u00ab La Voie de Fanny \u00bb est une marque d\u00e9pos\u00e9e \u00e0 l&rsquo;INPI.<\/p><p data-sourcepos=\"27:1-27:24\"><strong>Donn\u00e9es personnelles<\/strong><\/p><p data-sourcepos=\"29:1-29:349\">Les informations recueillies sur ce site sont destin\u00e9es \u00e0 Fanny Nobis. Elles sont n\u00e9cessaires au traitement de votre demande. <span class=\"citation-0 citation-end-0\">Vous disposez d&rsquo;un droit d&rsquo;acc\u00e8s, de rectification et d&rsquo;opposition aux donn\u00e9es personnelles vous concernant, que vous pouvez exercer<\/span> en nous contactant \u00e0 l&rsquo;adresse suivante : lavoiedefanny.sophrologie@gmail.com<\/p><p data-sourcepos=\"31:1-31:11\"><strong>Cookies<\/strong><\/p><p data-sourcepos=\"33:1-33:168\">Le site utilise des cookies afin d&rsquo;am\u00e9liorer votre exp\u00e9rience de navigation. Vous pouvez vous opposer \u00e0 l&rsquo;enregistrement de ces cookies en configurant votre navigateur.<\/p><p data-sourcepos=\"35:1-35:21\"><strong>Liens hypertextes<\/strong><\/p><p data-sourcepos=\"37:1-37:212\">Le site peut contenir des liens hypertextes vers d&rsquo;autres sites web. Fanny Nobis n&rsquo;exerce aucun contr\u00f4le sur ces sites et d\u00e9cline par cons\u00e9quent toute responsabilit\u00e9 quant \u00e0 leur contenu, fonctionnement ou acc\u00e8s.<\/p><p data-sourcepos=\"39:1-39:18\"><strong>Loi applicable<\/strong><\/p><p data-sourcepos=\"41:1-41:112\">Le pr\u00e9sent site est soumis \u00e0 la loi fran\u00e7aise. En cas de litige, seuls les tribunaux fran\u00e7ais seront comp\u00e9tents.<\/p><h3 data-sourcepos=\"43:1-43:32\"><strong>Conseils suppl\u00e9mentaires<\/strong><\/h3><ul data-sourcepos=\"45:1-49:0\"><li data-sourcepos=\"45:1-45:150\"><strong>Pr\u00e9cision sur les donn\u00e9es collect\u00e9es:<\/strong> Vous pouvez pr\u00e9ciser plus en d\u00e9tail les donn\u00e9es collect\u00e9es (par exemple, dans les formulaires de contact).<\/li><li data-sourcepos=\"46:1-46:115\"><strong>Dur\u00e9e de conservation des donn\u00e9es:<\/strong> Indiquez pendant combien de temps vous conservez les donn\u00e9es personnelles.<\/li><li data-sourcepos=\"47:1-47:151\"><strong>S\u00e9curit\u00e9 des donn\u00e9es:<\/strong> Mentionnez les mesures mises en place pour prot\u00e9ger les donn\u00e9es personnelles (par exemple, utilisation de certificats SSL).<\/li><li data-sourcepos=\"48:1-49:0\"><strong>Politique de confidentialit\u00e9 d\u00e9taill\u00e9e:<\/strong> Si vous souhaitez aller plus loin, vous pouvez r\u00e9diger une politique de confidentialit\u00e9 plus d\u00e9taill\u00e9e.<\/li><\/ul>\t\t\t\t\t\t\t\t<\/div>\n\t\t\t\t<\/div>\n\t\t\t\t<div class=\"elementor-element elementor-element-2358236 elementor-widget elementor-widget-image\" data-id=\"2358236\" data-element_type=\"widget\" data-e-type=\"widget\" data-widget_type=\"image.default\">\n\t\t\t\t<div class=\"elementor-widget-container\">\n\t\t\t\t\t\t\t\t\t\t\t\t\t\t\t<img fetchpriority=\"high\" decoding=\"async\" width=\"238\" height=\"243\" src=\"https:\/\/lavoiedefanny-sophrologie.fr\/wp-content\/uploads\/2024\/08\/cropped-cropped-logo1_couleur.jpg\" class=\"attachment-large size-large wp-image-34\" alt=\"fanny sophrologie aix les bains\" \/>\t\t\t\t\t\t\t\t\t\t\t\t\t\t\t<\/div>\n\t\t\t\t<\/div>\n\t\t\t\t\t<\/div>\n\t\t\t\t<\/div>\n\t\t\t\t<\/div>\n\t\t","protected":false},"excerpt":{"rendered":"<p>Mentions l\u00e9gales de La Voie de Fanny &#8211; Sophrologie \u00e0 Aix-les-Bains \u00c9diteur du site Nom : Fanny Nobis Forme juridique : Auto-entrepreneur SIRET : 93187561100010 Adresse : 10 rue Jacotot 73100 Aix les Bains T\u00e9l\u00e9phone : 07 80 96 16 17 Email : lavoiedefanny.sophrologie@gmail.com H\u00e9bergeur Raison sociale : OVH Adresse : 2 rue Kellermann 59 [&hellip;]<\/p>\n","protected":false},"author":1,"featured_media":0,"parent":0,"menu_order":0,"comment_status":"closed","ping_status":"closed","template":"","meta":{"footnotes":""},"class_list":["post-195","page","type-page","status-publish","hentry","entry"],"yoast_head":"<!-- This site is optimized with the Yoast SEO plugin v27.2 - https:\/\/yoast.com\/product\/yoast-seo-wordpress\/ -->\n<title>Mentions l\u00e9gales - La voie de Fanny<\/title>\n<meta name=\"description\" content=\"D\u00e9couvrez les mentions l\u00e9gales et utilisation du site, RGPD de La Voie de Fanny, sophrologue sur Aix les Bains.\" \/>\n<meta name=\"robots\" content=\"index, follow, max-snippet:-1, max-image-preview:large, max-video-preview:-1\" \/>\n<link rel=\"canonical\" href=\"https:\/\/lavoiedefanny-sophrologie.fr\/?page_id=195\" \/>\n<meta property=\"og:locale\" content=\"fr_FR\" \/>\n<meta property=\"og:type\" content=\"article\" \/>\n<meta property=\"og:title\" content=\"Mentions l\u00e9gales - La voie de Fanny\" \/>\n<meta property=\"og:description\" content=\"D\u00e9couvrez les mentions l\u00e9gales et utilisation du site, RGPD de La Voie de Fanny, sophrologue sur Aix les Bains.\" \/>\n<meta property=\"og:url\" content=\"https:\/\/lavoiedefanny-sophrologie.fr\/?page_id=195\" \/>\n<meta property=\"og:site_name\" content=\"La voie de Fanny\" \/>\n<meta property=\"article:modified_time\" content=\"2024-09-23T19:13:21+00:00\" \/>\n<meta property=\"og:image\" content=\"http:\/\/lavoiedefanny-sophrologie.fr\/wp-content\/uploads\/2024\/08\/cropped-cropped-logo1_couleur.jpg\" \/>\n<meta name=\"twitter:card\" content=\"summary_large_image\" \/>\n<meta name=\"twitter:label1\" content=\"Dur\u00e9e de lecture estim\u00e9e\" \/>\n\t<meta name=\"twitter:data1\" content=\"2 minutes\" \/>\n<script type=\"application\/ld+json\" class=\"yoast-schema-graph\">{\"@context\":\"https:\/\/schema.org\",\"@graph\":[{\"@type\":\"WebPage\",\"@id\":\"https:\/\/lavoiedefanny-sophrologie.fr\/?page_id=195\",\"url\":\"https:\/\/lavoiedefanny-sophrologie.fr\/?page_id=195\",\"name\":\"Mentions l\u00e9gales - La voie de Fanny\",\"isPartOf\":{\"@id\":\"https:\/\/lavoiedefanny-sophrologie.fr\/#website\"},\"primaryImageOfPage\":{\"@id\":\"https:\/\/lavoiedefanny-sophrologie.fr\/?page_id=195#primaryimage\"},\"image\":{\"@id\":\"https:\/\/lavoiedefanny-sophrologie.fr\/?page_id=195#primaryimage\"},\"thumbnailUrl\":\"http:\/\/lavoiedefanny-sophrologie.fr\/wp-content\/uploads\/2024\/08\/cropped-cropped-logo1_couleur.jpg\",\"datePublished\":\"2024-09-14T07:37:51+00:00\",\"dateModified\":\"2024-09-23T19:13:21+00:00\",\"description\":\"D\u00e9couvrez les mentions l\u00e9gales et utilisation du site, RGPD de La Voie de Fanny, sophrologue sur Aix les Bains.\",\"breadcrumb\":{\"@id\":\"https:\/\/lavoiedefanny-sophrologie.fr\/?page_id=195#breadcrumb\"},\"inLanguage\":\"fr-FR\",\"potentialAction\":[{\"@type\":\"ReadAction\",\"target\":[\"https:\/\/lavoiedefanny-sophrologie.fr\/?page_id=195\"]}]},{\"@type\":\"ImageObject\",\"inLanguage\":\"fr-FR\",\"@id\":\"https:\/\/lavoiedefanny-sophrologie.fr\/?page_id=195#primaryimage\",\"url\":\"https:\/\/lavoiedefanny-sophrologie.fr\/wp-content\/uploads\/2024\/08\/cropped-cropped-logo1_couleur.jpg\",\"contentUrl\":\"https:\/\/lavoiedefanny-sophrologie.fr\/wp-content\/uploads\/2024\/08\/cropped-cropped-logo1_couleur.jpg\",\"width\":238,\"height\":243,\"caption\":\"fanny sophrologie aix les bains\"},{\"@type\":\"BreadcrumbList\",\"@id\":\"https:\/\/lavoiedefanny-sophrologie.fr\/?page_id=195#breadcrumb\",\"itemListElement\":[{\"@type\":\"ListItem\",\"position\":1,\"name\":\"Accueil\",\"item\":\"https:\/\/lavoiedefanny-sophrologie.fr\/\"},{\"@type\":\"ListItem\",\"position\":2,\"name\":\"Mentions l\u00e9gales\"}]},{\"@type\":\"WebSite\",\"@id\":\"https:\/\/lavoiedefanny-sophrologie.fr\/#website\",\"url\":\"https:\/\/lavoiedefanny-sophrologie.fr\/\",\"name\":\"La voie de Fanny - Sophrologie - Aix-les-Bains\",\"description\":\"Sophrologue Aix-les-Bains\",\"potentialAction\":[{\"@type\":\"SearchAction\",\"target\":{\"@type\":\"EntryPoint\",\"urlTemplate\":\"https:\/\/lavoiedefanny-sophrologie.fr\/?s={search_term_string}\"},\"query-input\":{\"@type\":\"PropertyValueSpecification\",\"valueRequired\":true,\"valueName\":\"search_term_string\"}}],\"inLanguage\":\"fr-FR\"}]}<\/script>\n<!-- \/ Yoast SEO plugin. -->","yoast_head_json":{"title":"Mentions l\u00e9gales - La voie de Fanny","description":"D\u00e9couvrez les mentions l\u00e9gales et utilisation du site, RGPD de La Voie de Fanny, sophrologue sur Aix les Bains.","robots":{"index":"index","follow":"follow","max-snippet":"max-snippet:-1","max-image-preview":"max-image-preview:large","max-video-preview":"max-video-preview:-1"},"canonical":"https:\/\/lavoiedefanny-sophrologie.fr\/?page_id=195","og_locale":"fr_FR","og_type":"article","og_title":"Mentions l\u00e9gales - La voie de Fanny","og_description":"D\u00e9couvrez les mentions l\u00e9gales et utilisation du site, RGPD de La Voie de Fanny, sophrologue sur Aix les Bains.","og_url":"https:\/\/lavoiedefanny-sophrologie.fr\/?page_id=195","og_site_name":"La voie de Fanny","article_modified_time":"2024-09-23T19:13:21+00:00","og_image":[{"url":"http:\/\/lavoiedefanny-sophrologie.fr\/wp-content\/uploads\/2024\/08\/cropped-cropped-logo1_couleur.jpg","type":"","width":"","height":""}],"twitter_card":"summary_large_image","twitter_misc":{"Dur\u00e9e de lecture estim\u00e9e":"2 minutes"},"schema":{"@context":"https:\/\/schema.org","@graph":[{"@type":"WebPage","@id":"https:\/\/lavoiedefanny-sophrologie.fr\/?page_id=195","url":"https:\/\/lavoiedefanny-sophrologie.fr\/?page_id=195","name":"Mentions l\u00e9gales - La voie de Fanny","isPartOf":{"@id":"https:\/\/lavoiedefanny-sophrologie.fr\/#website"},"primaryImageOfPage":{"@id":"https:\/\/lavoiedefanny-sophrologie.fr\/?page_id=195#primaryimage"},"image":{"@id":"https:\/\/lavoiedefanny-sophrologie.fr\/?page_id=195#primaryimage"},"thumbnailUrl":"http:\/\/lavoiedefanny-sophrologie.fr\/wp-content\/uploads\/2024\/08\/cropped-cropped-logo1_couleur.jpg","datePublished":"2024-09-14T07:37:51+00:00","dateModified":"2024-09-23T19:13:21+00:00","description":"D\u00e9couvrez les mentions l\u00e9gales et utilisation du site, RGPD de La Voie de Fanny, sophrologue sur Aix les Bains.","breadcrumb":{"@id":"https:\/\/lavoiedefanny-sophrologie.fr\/?page_id=195#breadcrumb"},"inLanguage":"fr-FR","potentialAction":[{"@type":"ReadAction","target":["https:\/\/lavoiedefanny-sophrologie.fr\/?page_id=195"]}]},{"@type":"ImageObject","inLanguage":"fr-FR","@id":"https:\/\/lavoiedefanny-sophrologie.fr\/?page_id=195#primaryimage","url":"https:\/\/lavoiedefanny-sophrologie.fr\/wp-content\/uploads\/2024\/08\/cropped-cropped-logo1_couleur.jpg","contentUrl":"https:\/\/lavoiedefanny-sophrologie.fr\/wp-content\/uploads\/2024\/08\/cropped-cropped-logo1_couleur.jpg","width":238,"height":243,"caption":"fanny sophrologie aix les bains"},{"@type":"BreadcrumbList","@id":"https:\/\/lavoiedefanny-sophrologie.fr\/?page_id=195#breadcrumb","itemListElement":[{"@type":"ListItem","position":1,"name":"Accueil","item":"https:\/\/lavoiedefanny-sophrologie.fr\/"},{"@type":"ListItem","position":2,"name":"Mentions l\u00e9gales"}]},{"@type":"WebSite","@id":"https:\/\/lavoiedefanny-sophrologie.fr\/#website","url":"https:\/\/lavoiedefanny-sophrologie.fr\/","name":"La voie de Fanny - Sophrologie - Aix-les-Bains","description":"Sophrologue Aix-les-Bains","potentialAction":[{"@type":"SearchAction","target":{"@type":"EntryPoint","urlTemplate":"https:\/\/lavoiedefanny-sophrologie.fr\/?s={search_term_string}"},"query-input":{"@type":"PropertyValueSpecification","valueRequired":true,"valueName":"search_term_string"}}],"inLanguage":"fr-FR"}]}},"_links":{"self":[{"href":"https:\/\/lavoiedefanny-sophrologie.fr\/index.php?rest_route=\/wp\/v2\/pages\/195","targetHints":{"allow":["GET"]}}],"collection":[{"href":"https:\/\/lavoiedefanny-sophrologie.fr\/index.php?rest_route=\/wp\/v2\/pages"}],"about":[{"href":"https:\/\/lavoiedefanny-sophrologie.fr\/index.php?rest_route=\/wp\/v2\/types\/page"}],"author":[{"embeddable":true,"href":"https:\/\/lavoiedefanny-sophrologie.fr\/index.php?rest_route=\/wp\/v2\/users\/1"}],"replies":[{"embeddable":true,"href":"https:\/\/lavoiedefanny-sophrologie.fr\/index.php?rest_route=%2Fwp%2Fv2%2Fcomments&post=195"}],"version-history":[{"count":10,"href":"https:\/\/lavoiedefanny-sophrologie.fr\/index.php?rest_route=\/wp\/v2\/pages\/195\/revisions"}],"predecessor-version":[{"id":289,"href":"https:\/\/lavoiedefanny-sophrologie.fr\/index.php?rest_route=\/wp\/v2\/pages\/195\/revisions\/289"}],"wp:attachment":[{"href":"https:\/\/lavoiedefanny-sophrologie.fr\/index.php?rest_route=%2Fwp%2Fv2%2Fmedia&parent=195"}],"curies":[{"name":"wp","href":"https:\/\/api.w.org\/{rel}","templated":true}]}}